{"id":1756,"date":"2020-04-29T12:52:48","date_gmt":"2020-04-29T10:52:48","guid":{"rendered":"http:\/\/stage.ppv-consultants.com\/podcast\/"},"modified":"2020-10-28T14:47:33","modified_gmt":"2020-10-28T13:47:33","slug":"podcast","status":"publish","type":"page","link":"https:\/\/www.ppv-consultants.com\/en\/podcast\/","title":{"rendered":"Podcast &#8211; Der PPV-Expertentalk f\u00fcr Executive Search Beratung &#038; Leadership Consulting"},"content":{"rendered":"\t\t<div data-elementor-type=\"wp-post\" data-elementor-id=\"1756\" class=\"elementor elementor-1756 elementor-1527\" data-elementor-post-type=\"page\">\n\t\t\t\t\t\t<section class=\"elementor-section elementor-top-section elementor-element elementor-element-5f2971a1 elementor-section-stretched elementor-section-full_width elementor-section-content-middle elementor-section-height-default elementor-section-height-default\" data-id=\"5f2971a1\" data-element_type=\"section\" data-e-type=\"section\" data-settings=\"{&quot;stretch_section&quot;:&quot;section-stretched&quot;}\">\n\t\t\t\t\t\t<div class=\"elementor-container elementor-column-gap-no\">\n\t\t\t\t\t<div class=\"elementor-column elementor-col-100 elementor-top-column elementor-element elementor-element-19e23560\" data-id=\"19e23560\" data-element_type=\"column\" data-e-type=\"column\">\n\t\t\t<div class=\"elementor-widget-wrap elementor-element-populated\">\n\t\t\t\t\t\t<div class=\"elementor-element elementor-element-1acd7e06 elementor-widget elementor-widget-image\" data-id=\"1acd7e06\" data-element_type=\"widget\" data-e-type=\"widget\" data-widget_type=\"image.default\">\n\t\t\t\t<div class=\"elementor-widget-container\">\n\t\t\t\t\t\t\t\t\t\t\t\t\t\t\t<img fetchpriority=\"high\" decoding=\"async\" width=\"1920\" height=\"530\" src=\"https:\/\/www.ppv-consultants.com\/wp-content\/uploads\/2020\/04\/PPV-GmbH-CO-KG-Podcast-banner2.jpg\" class=\"attachment-full size-full wp-image-1532\" alt=\"\" srcset=\"https:\/\/www.ppv-consultants.com\/wp-content\/uploads\/2020\/04\/PPV-GmbH-CO-KG-Podcast-banner2.jpg 1920w, https:\/\/www.ppv-consultants.com\/wp-content\/uploads\/2020\/04\/PPV-GmbH-CO-KG-Podcast-banner2-300x83.jpg 300w, https:\/\/www.ppv-consultants.com\/wp-content\/uploads\/2020\/04\/PPV-GmbH-CO-KG-Podcast-banner2-768x212.jpg 768w, https:\/\/www.ppv-consultants.com\/wp-content\/uploads\/2020\/04\/PPV-GmbH-CO-KG-Podcast-banner2-1024x283.jpg 1024w\" sizes=\"(max-width: 1920px) 100vw, 1920px\" \/>\t\t\t\t\t\t\t\t\t\t\t\t\t\t\t<\/div>\n\t\t\t\t<\/div>\n\t\t\t\t\t<\/div>\n\t\t<\/div>\n\t\t\t\t\t<\/div>\n\t\t<\/section>\n\t\t\t\t<section class=\"elementor-section elementor-top-section elementor-element elementor-element-715f47dd elementor-section-full_width elementor-section-height-default elementor-section-height-default\" data-id=\"715f47dd\" data-element_type=\"section\" data-e-type=\"section\">\n\t\t\t\t\t\t<div class=\"elementor-container elementor-column-gap-default\">\n\t\t\t\t\t<div class=\"elementor-column elementor-col-100 elementor-top-column elementor-element elementor-element-3ee9e051\" data-id=\"3ee9e051\" data-element_type=\"column\" data-e-type=\"column\">\n\t\t\t<div class=\"elementor-widget-wrap elementor-element-populated\">\n\t\t\t\t\t\t<div class=\"elementor-element elementor-element-30c1f9d elementor-widget elementor-widget-heading\" data-id=\"30c1f9d\" data-element_type=\"widget\" data-e-type=\"widget\" data-widget_type=\"heading.default\">\n\t\t\t\t<div class=\"elementor-widget-container\">\n\t\t\t\t\t<h2 class=\"elementor-heading-title elementor-size-xl\">Podcast - People, Passion, Value <\/br>- Der PPV-Expertentalk f\u00fcr Executive Search Beratung &amp; Leadership Consulting<\/h2>\t\t\t\t<\/div>\n\t\t\t\t<\/div>\n\t\t\t\t\t<\/div>\n\t\t<\/div>\n\t\t\t\t\t<\/div>\n\t\t<\/section>\n\t\t\t\t<section class=\"elementor-section elementor-top-section elementor-element elementor-element-288d121 elementor-section-boxed elementor-section-height-default elementor-section-height-default\" data-id=\"288d121\" data-element_type=\"section\" data-e-type=\"section\">\n\t\t\t\t\t\t<div class=\"elementor-container elementor-column-gap-default\">\n\t\t\t\t\t<div class=\"elementor-column elementor-col-100 elementor-top-column elementor-element elementor-element-4b614145\" data-id=\"4b614145\" data-element_type=\"column\" data-e-type=\"column\">\n\t\t\t<div class=\"elementor-widget-wrap elementor-element-populated\">\n\t\t\t\t\t\t<div class=\"elementor-element elementor-element-56096d0 elementor-widget elementor-widget-text-editor\" data-id=\"56096d0\" data-element_type=\"widget\" data-e-type=\"widget\" data-widget_type=\"text-editor.default\">\n\t\t\t\t<div class=\"elementor-widget-container\">\n\t\t\t\t\t\t\t\t\t<p>People with Passion create Value &#8211; in einer globalen Welt, die sich st\u00e4ndig weiterentwickelt, ist die Besetzung von F\u00fchrungspositionen mit den richtigen Pers\u00f6nlichkeiten ein wesentlicher Faktor f\u00fcr langfristigen wirtschaftlichen Erfolg und eine stabile Unternehmensf\u00fchrung, die auch in Krisensituationen ihre Ziele nicht aus den Augen verliert. Denn nur Menschen mit Leidenschaft schaffen auch Werte, die es erlauben, auf komplexe Ver\u00e4nderungsprozesse, Wachstum und Transformationen schnell und nachhaltig zu reagieren und langfristige L\u00f6sungen und Entwicklungen zu generieren.<\/p><p><b>Wie kann das funktionieren?<\/b><\/p><p>Der PPV-Expertentalk f\u00fcr Executive Search &amp; Leadership Consulting ist unser Podcast zum Thema Personalsuche f\u00fcr den Mittelstand, Familienunternehmen, Private Equity und Konzerngesellschaften. Gemeinsam mit Experten unserer Personalberatung versuchen wir Antworten auf komplexe Fragestellungen zu den Themen Executive Search und Management Search, Executive Coaching, Executive Board Advisory und Interim Management zu geben. Welche F\u00fchrungskandidaten werden jetzt und zuk\u00fcnftig den Unterschied machen, um Unternehmen einen langfristigen Erfolg zu garantieren? Wie sieht aus unternehmerischer Sicht eine echte Wertsch\u00f6pfung durch die Auswahl geeigneter Kandidaten aus? Wie kann ein Executive Coaching Unternehmen und F\u00fchrungspers\u00f6nlichkeiten gleicherma\u00dfen dabei unterst\u00fctzen, komplexe neue Aufgaben erfolgreich zu bew\u00e4ltigen? Welche Kompetenzen m\u00fcssen zuk\u00fcnftig geeignete F\u00fchrungskandidaten mitbringen, um auch in Krisensituationen angemessen zu reagieren?<\/p><p>Dies und noch viel mehr erfahren Sie in unserem Podcast.<\/p>\t\t\t\t\t\t\t\t<\/div>\n\t\t\t\t<\/div>\n\t\t\t\t\t<\/div>\n\t\t<\/div>\n\t\t\t\t\t<\/div>\n\t\t<\/section>\n\t\t\t\t<section class=\"elementor-section elementor-top-section elementor-element elementor-element-f19cceb elementor-section-boxed elementor-section-height-default elementor-section-height-default\" data-id=\"f19cceb\" data-element_type=\"section\" data-e-type=\"section\">\n\t\t\t\t\t\t<div class=\"elementor-container elementor-column-gap-default\">\n\t\t\t\t\t<div class=\"elementor-column elementor-col-100 elementor-top-column elementor-element elementor-element-2d20e19\" data-id=\"2d20e19\" data-element_type=\"column\" data-e-type=\"column\">\n\t\t\t<div class=\"elementor-widget-wrap elementor-element-populated\">\n\t\t\t\t\t\t<section class=\"elementor-section elementor-inner-section elementor-element elementor-element-6517201 elementor-section-boxed elementor-section-height-default elementor-section-height-default\" data-id=\"6517201\" data-element_type=\"section\" data-e-type=\"section\" data-settings=\"{&quot;background_background&quot;:&quot;classic&quot;}\">\n\t\t\t\t\t\t<div class=\"elementor-container elementor-column-gap-default\">\n\t\t\t\t\t<div class=\"elementor-column elementor-col-50 elementor-inner-column elementor-element elementor-element-5f17986\" data-id=\"5f17986\" data-element_type=\"column\" data-e-type=\"column\">\n\t\t\t<div class=\"elementor-widget-wrap elementor-element-populated\">\n\t\t\t\t\t\t<div class=\"elementor-element elementor-element-c4e3bca elementor-widget elementor-widget-image\" data-id=\"c4e3bca\" data-element_type=\"widget\" data-e-type=\"widget\" data-widget_type=\"image.default\">\n\t\t\t\t<div class=\"elementor-widget-container\">\n\t\t\t\t\t\t\t\t\t\t\t\t\t\t\t<img decoding=\"async\" width=\"600\" height=\"600\" src=\"https:\/\/www.ppv-consultants.com\/wp-content\/uploads\/2020\/07\/PPV-Podcast-Cover-Episode-2.jpg\" class=\"attachment-large size-large wp-image-1548\" alt=\"\" srcset=\"https:\/\/www.ppv-consultants.com\/wp-content\/uploads\/2020\/07\/PPV-Podcast-Cover-Episode-2.jpg 600w, https:\/\/www.ppv-consultants.com\/wp-content\/uploads\/2020\/07\/PPV-Podcast-Cover-Episode-2-150x150.jpg 150w, https:\/\/www.ppv-consultants.com\/wp-content\/uploads\/2020\/07\/PPV-Podcast-Cover-Episode-2-300x300.jpg 300w\" sizes=\"(max-width: 600px) 100vw, 600px\" \/>\t\t\t\t\t\t\t\t\t\t\t\t\t\t\t<\/div>\n\t\t\t\t<\/div>\n\t\t\t\t\t<\/div>\n\t\t<\/div>\n\t\t\t\t<div class=\"elementor-column elementor-col-50 elementor-inner-column elementor-element elementor-element-35ea065\" data-id=\"35ea065\" data-element_type=\"column\" data-e-type=\"column\">\n\t\t\t<div class=\"elementor-widget-wrap elementor-element-populated\">\n\t\t\t\t\t\t<div class=\"elementor-element elementor-element-67e37df elementor-widget elementor-widget-heading\" data-id=\"67e37df\" data-element_type=\"widget\" data-e-type=\"widget\" data-widget_type=\"heading.default\">\n\t\t\t\t<div class=\"elementor-widget-container\">\n\t\t\t\t\t<h2 class=\"elementor-heading-title elementor-size-xl\">Folge 2: So kann es die Automobilindustrie gest\u00e4rkt aus der Corona-Krise schaffen\n<\/br>\nIm Expertentalk:\nEric K\u00fcppers \u2013 Pr\u00e4sident Global Automotive Business Unit bei TE Connectivity. <\/h2>\t\t\t\t<\/div>\n\t\t\t\t<\/div>\n\t\t\t\t<div class=\"elementor-element elementor-element-d91fdd6 elementor-widget elementor-widget-wp-widget-media_audio\" data-id=\"d91fdd6\" data-element_type=\"widget\" data-e-type=\"widget\" data-widget_type=\"wp-widget-media_audio.default\">\n\t\t\t\t<div class=\"elementor-widget-container\">\n\t\t\t\t\t<!--[if lt IE 9]><script>document.createElement('audio');<\/script><![endif]-->\n<audio class=\"wp-audio-shortcode\" id=\"audio-1756-1\" preload=\"none\" style=\"width: 100%;\" controls=\"controls\"><source type=\"audio\/mpeg\" src=\"https:\/\/www.ppv-consultants.com\/wp-content\/uploads\/2020\/07\/Der-PVV-Podcast-Episode-2.mp3?_=1\" \/><source type=\"audio\/mpeg\" src=\"https:\/\/www.ppv-consultants.com\/wp-content\/uploads\/2020\/07\/Der-PVV-Podcast-Episode-2.mp3?_=1\" \/><a href=\"https:\/\/www.ppv-consultants.com\/wp-content\/uploads\/2020\/07\/Der-PVV-Podcast-Episode-2.mp3\">https:\/\/www.ppv-consultants.com\/wp-content\/uploads\/2020\/07\/Der-PVV-Podcast-Episode-2.mp3<\/a><\/audio>\t\t\t\t<\/div>\n\t\t\t\t<\/div>\n\t\t\t\t<div class=\"elementor-element elementor-element-6f43686 elementor-widget elementor-widget-text-editor\" data-id=\"6f43686\" data-element_type=\"widget\" data-e-type=\"widget\" data-widget_type=\"text-editor.default\">\n\t\t\t\t<div class=\"elementor-widget-container\">\n\t\t\t\t\t\t\t\t\t<p>Nach der Vollbremsung sieht es f\u00fcr die Automobilindustrie nicht gut aus. 1.8 Mio. Erwerbst\u00e4tige sind von dieser Industrie abh\u00e4ngig.\u00a0<br \/>Wie muss die Automobilindustrie sich jetzt verhalten, damit sie gest\u00e4rkt aus der Krise kommt?<\/p><p>Wie wirkt sich das ganze auf das Produktionsvolumen aus? Welche Strukturen und Prozesse m\u00fcssen angepasst werden? Welche Chancen gibt es? Welche Auswirkungen haben die aktuellen Ver\u00e4nderungen auf die Mobilit\u00e4t von Morgen? Welche Kaufentscheidungen werden sich \u00e4ndern?<\/p><p>Neue Kompetenzen werden vor allem in der Managementebene ben\u00f6tigt um diese Ver\u00e4nderungen durchf\u00fchren zu k\u00f6nnen. Aber auch neues Vertrauen muss her, damit die Automobilindustrie auch f\u00fcr junge Talente attraktiv bleiben kann.<\/p><p>Eric K\u00fcppers beantwortet uns diese Fragen. <br \/>Er ist seit 25 Jahren in der Automotive-Industrie und war bis zuletzt seit 2015 weltweit verantwortlich f\u00fcr das Automotive Business der TE Connectivity mit einem Gesamtumsatz von 5,8 Mrd. \u20ac und 28.000 Mitarbeitern.<\/p>\t\t\t\t\t\t\t\t<\/div>\n\t\t\t\t<\/div>\n\t\t\t\t<div class=\"elementor-element elementor-element-5043f0d elementor-share-buttons--view-icon elementor-share-buttons--skin-flat elementor-share-buttons--shape-circle elementor-grid-0 elementor-share-buttons--color-official elementor-widget elementor-widget-share-buttons\" data-id=\"5043f0d\" data-element_type=\"widget\" data-e-type=\"widget\" data-settings=\"{&quot;share_url&quot;:{&quot;url&quot;:&quot;https:\\\/\\\/www.ppv-consultants.com\\\/de\\\/podcast\\\/&quot;,&quot;is_external&quot;:&quot;&quot;,&quot;nofollow&quot;:&quot;&quot;,&quot;custom_attributes&quot;:&quot;&quot;}}\" data-widget_type=\"share-buttons.default\">\n\t\t\t\t<div class=\"elementor-widget-container\">\n\t\t\t\t\t\t\t<div class=\"elementor-grid\" role=\"list\">\n\t\t\t\t\t\t\t\t<div class=\"elementor-grid-item\" role=\"listitem\">\n\t\t\t\t\t\t<div class=\"elementor-share-btn elementor-share-btn_facebook\" role=\"button\" tabindex=\"0\" aria-label=\"Share on facebook\">\n\t\t\t\t\t\t\t\t\t\t\t\t\t\t\t<span class=\"elementor-share-btn__icon\">\n\t\t\t\t\t\t\t\t<i class=\"fa fa-facebook\" aria-hidden=\"true\"><\/i>\t\t\t\t\t\t\t<\/span>\n\t\t\t\t\t\t\t\t\t\t\t\t\t\t\t\t\t\t\t\t<\/div>\n\t\t\t\t\t<\/div>\n\t\t\t\t\t\t\t\t\t<div class=\"elementor-grid-item\" role=\"listitem\">\n\t\t\t\t\t\t<div class=\"elementor-share-btn elementor-share-btn_linkedin\" role=\"button\" tabindex=\"0\" aria-label=\"Share on linkedin\">\n\t\t\t\t\t\t\t\t\t\t\t\t\t\t\t<span class=\"elementor-share-btn__icon\">\n\t\t\t\t\t\t\t\t<i class=\"fa fa-linkedin\" aria-hidden=\"true\"><\/i>\t\t\t\t\t\t\t<\/span>\n\t\t\t\t\t\t\t\t\t\t\t\t\t\t\t\t\t\t\t\t<\/div>\n\t\t\t\t\t<\/div>\n\t\t\t\t\t\t\t\t\t<div class=\"elementor-grid-item\" role=\"listitem\">\n\t\t\t\t\t\t<div class=\"elementor-share-btn elementor-share-btn_xing\" role=\"button\" tabindex=\"0\" aria-label=\"Share on xing\">\n\t\t\t\t\t\t\t\t\t\t\t\t\t\t\t<span class=\"elementor-share-btn__icon\">\n\t\t\t\t\t\t\t\t<i class=\"fa fa-xing\" aria-hidden=\"true\"><\/i>\t\t\t\t\t\t\t<\/span>\n\t\t\t\t\t\t\t\t\t\t\t\t\t\t\t\t\t\t\t\t<\/div>\n\t\t\t\t\t<\/div>\n\t\t\t\t\t\t\t\t\t<div class=\"elementor-grid-item\" role=\"listitem\">\n\t\t\t\t\t\t<div class=\"elementor-share-btn elementor-share-btn_whatsapp\" role=\"button\" tabindex=\"0\" aria-label=\"Share on whatsapp\">\n\t\t\t\t\t\t\t\t\t\t\t\t\t\t\t<span class=\"elementor-share-btn__icon\">\n\t\t\t\t\t\t\t\t<i class=\"fa fa-whatsapp\" aria-hidden=\"true\"><\/i>\t\t\t\t\t\t\t<\/span>\n\t\t\t\t\t\t\t\t\t\t\t\t\t\t\t\t\t\t\t\t<\/div>\n\t\t\t\t\t<\/div>\n\t\t\t\t\t\t\t\t\t<div class=\"elementor-grid-item\" role=\"listitem\">\n\t\t\t\t\t\t<div class=\"elementor-share-btn elementor-share-btn_email\" role=\"button\" tabindex=\"0\" aria-label=\"Share on email\">\n\t\t\t\t\t\t\t\t\t\t\t\t\t\t\t<span class=\"elementor-share-btn__icon\">\n\t\t\t\t\t\t\t\t<i class=\"fa fa-envelope\" aria-hidden=\"true\"><\/i>\t\t\t\t\t\t\t<\/span>\n\t\t\t\t\t\t\t\t\t\t\t\t\t\t\t\t\t\t\t\t<\/div>\n\t\t\t\t\t<\/div>\n\t\t\t\t\t\t\t\t\t<div class=\"elementor-grid-item\" role=\"listitem\">\n\t\t\t\t\t\t<div class=\"elementor-share-btn elementor-share-btn_pinterest\" role=\"button\" tabindex=\"0\" aria-label=\"Share on pinterest\">\n\t\t\t\t\t\t\t\t\t\t\t\t\t\t\t<span class=\"elementor-share-btn__icon\">\n\t\t\t\t\t\t\t\t<i class=\"fa fa-pinterest\" aria-hidden=\"true\"><\/i>\t\t\t\t\t\t\t<\/span>\n\t\t\t\t\t\t\t\t\t\t\t\t\t\t\t\t\t\t\t\t<\/div>\n\t\t\t\t\t<\/div>\n\t\t\t\t\t\t<\/div>\n\t\t\t\t\t\t<\/div>\n\t\t\t\t<\/div>\n\t\t\t\t\t<\/div>\n\t\t<\/div>\n\t\t\t\t\t<\/div>\n\t\t<\/section>\n\t\t\t\t\t<\/div>\n\t\t<\/div>\n\t\t\t\t\t<\/div>\n\t\t<\/section>\n\t\t\t\t<section class=\"elementor-section elementor-top-section elementor-element elementor-element-740a2c1 elementor-section-boxed elementor-section-height-default elementor-section-height-default\" data-id=\"740a2c1\" data-element_type=\"section\" data-e-type=\"section\">\n\t\t\t\t\t\t<div class=\"elementor-container elementor-column-gap-default\">\n\t\t\t\t\t<div class=\"elementor-column elementor-col-100 elementor-top-column elementor-element elementor-element-415759a\" data-id=\"415759a\" data-element_type=\"column\" data-e-type=\"column\">\n\t\t\t<div class=\"elementor-widget-wrap elementor-element-populated\">\n\t\t\t\t\t\t<section class=\"elementor-section elementor-inner-section elementor-element elementor-element-2fd329f elementor-section-boxed elementor-section-height-default elementor-section-height-default\" data-id=\"2fd329f\" data-element_type=\"section\" data-e-type=\"section\" data-settings=\"{&quot;background_background&quot;:&quot;classic&quot;}\">\n\t\t\t\t\t\t<div class=\"elementor-container elementor-column-gap-default\">\n\t\t\t\t\t<div class=\"elementor-column elementor-col-50 elementor-inner-column elementor-element elementor-element-edcc159\" data-id=\"edcc159\" data-element_type=\"column\" data-e-type=\"column\">\n\t\t\t<div class=\"elementor-widget-wrap elementor-element-populated\">\n\t\t\t\t\t\t<div class=\"elementor-element elementor-element-26e457f elementor-widget elementor-widget-image\" data-id=\"26e457f\" data-element_type=\"widget\" data-e-type=\"widget\" data-widget_type=\"image.default\">\n\t\t\t\t<div class=\"elementor-widget-container\">\n\t\t\t\t\t\t\t\t\t\t\t\t\t\t\t<img decoding=\"async\" width=\"800\" height=\"800\" src=\"https:\/\/www.ppv-consultants.com\/wp-content\/uploads\/2020\/04\/PPV-Podcast-Cover-1024x1024.jpg\" class=\"attachment-large size-large wp-image-1530\" alt=\"\" srcset=\"https:\/\/www.ppv-consultants.com\/wp-content\/uploads\/2020\/04\/PPV-Podcast-Cover-1024x1024.jpg 1024w, https:\/\/www.ppv-consultants.com\/wp-content\/uploads\/2020\/04\/PPV-Podcast-Cover-150x150.jpg 150w, https:\/\/www.ppv-consultants.com\/wp-content\/uploads\/2020\/04\/PPV-Podcast-Cover-300x300.jpg 300w, https:\/\/www.ppv-consultants.com\/wp-content\/uploads\/2020\/04\/PPV-Podcast-Cover-768x768.jpg 768w, https:\/\/www.ppv-consultants.com\/wp-content\/uploads\/2020\/04\/PPV-Podcast-Cover.jpg 1200w\" sizes=\"(max-width: 800px) 100vw, 800px\" \/>\t\t\t\t\t\t\t\t\t\t\t\t\t\t\t<\/div>\n\t\t\t\t<\/div>\n\t\t\t\t\t<\/div>\n\t\t<\/div>\n\t\t\t\t<div class=\"elementor-column elementor-col-50 elementor-inner-column elementor-element elementor-element-0a15787\" data-id=\"0a15787\" data-element_type=\"column\" data-e-type=\"column\">\n\t\t\t<div class=\"elementor-widget-wrap elementor-element-populated\">\n\t\t\t\t\t\t<div class=\"elementor-element elementor-element-bf76c6d elementor-widget elementor-widget-heading\" data-id=\"bf76c6d\" data-element_type=\"widget\" data-e-type=\"widget\" data-widget_type=\"heading.default\">\n\t\t\t\t<div class=\"elementor-widget-container\">\n\t\t\t\t\t<h2 class=\"elementor-heading-title elementor-size-xl\">Folge 1:Zukunft Personal: Aus Krise wird Chance.\n<\/br>\n- Michael Leysieffer im Interview\n<\/h2>\t\t\t\t<\/div>\n\t\t\t\t<\/div>\n\t\t\t\t<div class=\"elementor-element elementor-element-e267923 elementor-widget elementor-widget-wp-widget-media_audio\" data-id=\"e267923\" data-element_type=\"widget\" data-e-type=\"widget\" data-widget_type=\"wp-widget-media_audio.default\">\n\t\t\t\t<div class=\"elementor-widget-container\">\n\t\t\t\t\t<audio class=\"wp-audio-shortcode\" id=\"audio-1756-2\" preload=\"none\" style=\"width: 100%;\" controls=\"controls\"><source type=\"audio\/mpeg\" src=\"https:\/\/www.ppv-consultants.com\/wp-content\/uploads\/2020\/04\/Der-PPV-Podcast-1.mp3?_=2\" \/><source type=\"audio\/mpeg\" src=\"https:\/\/www.ppv-consultants.com\/wp-content\/uploads\/2020\/04\/Der-PPV-Podcast-1.mp3?_=2\" \/><a href=\"https:\/\/www.ppv-consultants.com\/wp-content\/uploads\/2020\/04\/Der-PPV-Podcast-1.mp3\">https:\/\/www.ppv-consultants.com\/wp-content\/uploads\/2020\/04\/Der-PPV-Podcast-1.mp3<\/a><\/audio>\t\t\t\t<\/div>\n\t\t\t\t<\/div>\n\t\t\t\t<div class=\"elementor-element elementor-element-1f9ee92 elementor-widget elementor-widget-text-editor\" data-id=\"1f9ee92\" data-element_type=\"widget\" data-e-type=\"widget\" data-widget_type=\"text-editor.default\">\n\t\t\t\t<div class=\"elementor-widget-container\">\n\t\t\t\t\t\t\t\t\t<p>Wie wirkt sich Covid-19 auf Unternehmen aus? Welche Ver\u00e4nderungen im Personalwesen sind zu beobachten? Mit welchen Ver\u00e4nderungen sehen sich Unternehmen und Gesellschaft zuk\u00fcnftig konfrontiert? Und welche Qualit\u00e4ten sind im Krisenmanagement gefragt?<\/p><p>Michael Leysieffer ist Gr\u00fcnder und Managing Director der PPV GmbH &amp; Co.KG. In unserem Expertentalk gibt er Antwort auf diese und andere Fragen und erkl\u00e4rt, warum Krise f\u00fcr Unternehmen auch immer Chance bedeutet, welche Auswahlmethoden zuk\u00fcnftig im Personalwesen eine Rolle spielen und warum die Post Corona \u00c4ra eine anspruchsvolle Zeit f\u00fcr talentierte F\u00fchrungskr\u00e4fte sein wird.<span class=\"Apple-converted-space\">\u00a0<\/span><\/p><p><span class=\"Apple-converted-space\">\u00a0<\/span><\/p>\t\t\t\t\t\t\t\t<\/div>\n\t\t\t\t<\/div>\n\t\t\t\t<div class=\"elementor-element elementor-element-f383abf elementor-share-buttons--view-icon elementor-share-buttons--skin-flat elementor-share-buttons--shape-circle elementor-grid-0 elementor-share-buttons--color-official elementor-widget elementor-widget-share-buttons\" data-id=\"f383abf\" data-element_type=\"widget\" data-e-type=\"widget\" data-settings=\"{&quot;share_url&quot;:{&quot;url&quot;:&quot;https:\\\/\\\/www.ppv-consultants.com\\\/de\\\/podcast\\\/&quot;,&quot;is_external&quot;:&quot;&quot;,&quot;nofollow&quot;:&quot;&quot;,&quot;custom_attributes&quot;:&quot;&quot;}}\" data-widget_type=\"share-buttons.default\">\n\t\t\t\t<div class=\"elementor-widget-container\">\n\t\t\t\t\t\t\t<div class=\"elementor-grid\" role=\"list\">\n\t\t\t\t\t\t\t\t<div class=\"elementor-grid-item\" role=\"listitem\">\n\t\t\t\t\t\t<div class=\"elementor-share-btn elementor-share-btn_facebook\" role=\"button\" tabindex=\"0\" aria-label=\"Share on facebook\">\n\t\t\t\t\t\t\t\t\t\t\t\t\t\t\t<span class=\"elementor-share-btn__icon\">\n\t\t\t\t\t\t\t\t<i class=\"fa fa-facebook\" aria-hidden=\"true\"><\/i>\t\t\t\t\t\t\t<\/span>\n\t\t\t\t\t\t\t\t\t\t\t\t\t\t\t\t\t\t\t\t<\/div>\n\t\t\t\t\t<\/div>\n\t\t\t\t\t\t\t\t\t<div class=\"elementor-grid-item\" role=\"listitem\">\n\t\t\t\t\t\t<div class=\"elementor-share-btn elementor-share-btn_linkedin\" role=\"button\" tabindex=\"0\" aria-label=\"Share on linkedin\">\n\t\t\t\t\t\t\t\t\t\t\t\t\t\t\t<span class=\"elementor-share-btn__icon\">\n\t\t\t\t\t\t\t\t<i class=\"fa fa-linkedin\" aria-hidden=\"true\"><\/i>\t\t\t\t\t\t\t<\/span>\n\t\t\t\t\t\t\t\t\t\t\t\t\t\t\t\t\t\t\t\t<\/div>\n\t\t\t\t\t<\/div>\n\t\t\t\t\t\t\t\t\t<div class=\"elementor-grid-item\" role=\"listitem\">\n\t\t\t\t\t\t<div class=\"elementor-share-btn elementor-share-btn_xing\" role=\"button\" tabindex=\"0\" aria-label=\"Share on xing\">\n\t\t\t\t\t\t\t\t\t\t\t\t\t\t\t<span class=\"elementor-share-btn__icon\">\n\t\t\t\t\t\t\t\t<i class=\"fa fa-xing\" aria-hidden=\"true\"><\/i>\t\t\t\t\t\t\t<\/span>\n\t\t\t\t\t\t\t\t\t\t\t\t\t\t\t\t\t\t\t\t<\/div>\n\t\t\t\t\t<\/div>\n\t\t\t\t\t\t\t\t\t<div class=\"elementor-grid-item\" role=\"listitem\">\n\t\t\t\t\t\t<div class=\"elementor-share-btn elementor-share-btn_whatsapp\" role=\"button\" tabindex=\"0\" aria-label=\"Share on whatsapp\">\n\t\t\t\t\t\t\t\t\t\t\t\t\t\t\t<span class=\"elementor-share-btn__icon\">\n\t\t\t\t\t\t\t\t<i class=\"fa fa-whatsapp\" aria-hidden=\"true\"><\/i>\t\t\t\t\t\t\t<\/span>\n\t\t\t\t\t\t\t\t\t\t\t\t\t\t\t\t\t\t\t\t<\/div>\n\t\t\t\t\t<\/div>\n\t\t\t\t\t\t\t\t\t<div class=\"elementor-grid-item\" role=\"listitem\">\n\t\t\t\t\t\t<div class=\"elementor-share-btn elementor-share-btn_email\" role=\"button\" tabindex=\"0\" aria-label=\"Share on email\">\n\t\t\t\t\t\t\t\t\t\t\t\t\t\t\t<span class=\"elementor-share-btn__icon\">\n\t\t\t\t\t\t\t\t<i class=\"fa fa-envelope\" aria-hidden=\"true\"><\/i>\t\t\t\t\t\t\t<\/span>\n\t\t\t\t\t\t\t\t\t\t\t\t\t\t\t\t\t\t\t\t<\/div>\n\t\t\t\t\t<\/div>\n\t\t\t\t\t\t\t\t\t<div class=\"elementor-grid-item\" role=\"listitem\">\n\t\t\t\t\t\t<div class=\"elementor-share-btn elementor-share-btn_pinterest\" role=\"button\" tabindex=\"0\" aria-label=\"Share on pinterest\">\n\t\t\t\t\t\t\t\t\t\t\t\t\t\t\t<span class=\"elementor-share-btn__icon\">\n\t\t\t\t\t\t\t\t<i class=\"fa fa-pinterest\" aria-hidden=\"true\"><\/i>\t\t\t\t\t\t\t<\/span>\n\t\t\t\t\t\t\t\t\t\t\t\t\t\t\t\t\t\t\t\t<\/div>\n\t\t\t\t\t<\/div>\n\t\t\t\t\t\t<\/div>\n\t\t\t\t\t\t<\/div>\n\t\t\t\t<\/div>\n\t\t\t\t\t<\/div>\n\t\t<\/div>\n\t\t\t\t\t<\/div>\n\t\t<\/section>\n\t\t\t\t\t<\/div>\n\t\t<\/div>\n\t\t\t\t\t<\/div>\n\t\t<\/section>\n\t\t\t\t<\/div>\n\t\t","protected":false},"excerpt":{"rendered":"<p>Podcast &#8211; People, Passion, Value &#8211; Der PPV-Expertentalk f\u00fcr Executive Search Beratung &amp; Leadership Consulting People with Passion create Value &#8211; in einer globalen Welt, die sich st\u00e4ndig weiterentwickelt, ist die Besetzung von F\u00fchrungspositionen mit den richtigen Pers\u00f6nlichkeiten ein wesentlicher Faktor f\u00fcr langfristigen wirtschaftlichen Erfolg und eine stabile Unternehmensf\u00fchrung, die auch in Krisensituationen ihre Ziele [&hellip;]<\/p>\n","protected":false},"author":1,"featured_media":1565,"parent":0,"menu_order":0,"comment_status":"closed","ping_status":"closed","template":"elementor_header_footer","meta":{"footnotes":""},"class_list":["post-1756","page","type-page","status-publish","has-post-thumbnail","hentry"],"_links":{"self":[{"href":"https:\/\/www.ppv-consultants.com\/en\/wp-json\/wp\/v2\/pages\/1756","targetHints":{"allow":["GET"]}}],"collection":[{"href":"https:\/\/www.ppv-consultants.com\/en\/wp-json\/wp\/v2\/pages"}],"about":[{"href":"https:\/\/www.ppv-consultants.com\/en\/wp-json\/wp\/v2\/types\/page"}],"author":[{"embeddable":true,"href":"https:\/\/www.ppv-consultants.com\/en\/wp-json\/wp\/v2\/users\/1"}],"replies":[{"embeddable":true,"href":"https:\/\/www.ppv-consultants.com\/en\/wp-json\/wp\/v2\/comments?post=1756"}],"version-history":[{"count":0,"href":"https:\/\/www.ppv-consultants.com\/en\/wp-json\/wp\/v2\/pages\/1756\/revisions"}],"wp:featuredmedia":[{"embeddable":true,"href":"https:\/\/www.ppv-consultants.com\/en\/wp-json\/wp\/v2\/media\/1565"}],"wp:attachment":[{"href":"https:\/\/www.ppv-consultants.com\/en\/wp-json\/wp\/v2\/media?parent=1756"}],"curies":[{"name":"wp","href":"https:\/\/api.w.org\/{rel}","templated":true}]}}