{"id":259,"date":"2018-10-12T08:38:04","date_gmt":"2018-10-12T06:38:04","guid":{"rendered":"http:\/\/dev.ppv-consultants.com\/?page_id=259"},"modified":"2022-06-20T10:43:41","modified_gmt":"2022-06-20T08:43:41","slug":"team","status":"publish","type":"page","link":"https:\/\/www.ppv-consultants.com\/de\/team\/","title":{"rendered":"Team"},"content":{"rendered":"\t\t<div data-elementor-type=\"wp-post\" data-elementor-id=\"259\" class=\"elementor elementor-259\" data-elementor-post-type=\"page\">\n\t\t\t\t\t\t<section class=\"elementor-section elementor-top-section elementor-element elementor-element-165ad3da elementor-section-stretched elementor-section-full_width elementor-section-content-middle elementor-section-height-default elementor-section-height-default\" data-id=\"165ad3da\" data-element_type=\"section\" data-e-type=\"section\" data-settings=\"{&quot;stretch_section&quot;:&quot;section-stretched&quot;}\">\n\t\t\t\t\t\t<div class=\"elementor-container elementor-column-gap-no\">\n\t\t\t\t\t<div class=\"elementor-column elementor-col-100 elementor-top-column elementor-element elementor-element-52382fb2\" data-id=\"52382fb2\" data-element_type=\"column\" data-e-type=\"column\">\n\t\t\t<div class=\"elementor-widget-wrap elementor-element-populated\">\n\t\t\t\t\t\t<div class=\"elementor-element elementor-element-1a1f1ade elementor-widget elementor-widget-image\" data-id=\"1a1f1ade\" data-element_type=\"widget\" data-e-type=\"widget\" data-widget_type=\"image.default\">\n\t\t\t\t<div class=\"elementor-widget-container\">\n\t\t\t\t\t\t\t\t\t\t\t\t\t\t\t<img fetchpriority=\"high\" decoding=\"async\" width=\"1920\" height=\"530\" src=\"https:\/\/www.ppv-consultants.com\/wp-content\/uploads\/2019\/03\/PPV-GmbH-CO-KG-Frankfurt-team.jpg\" class=\"attachment-full size-full wp-image-1319\" alt=\"\" srcset=\"https:\/\/www.ppv-consultants.com\/wp-content\/uploads\/2019\/03\/PPV-GmbH-CO-KG-Frankfurt-team.jpg 1920w, https:\/\/www.ppv-consultants.com\/wp-content\/uploads\/2019\/03\/PPV-GmbH-CO-KG-Frankfurt-team-300x83.jpg 300w, https:\/\/www.ppv-consultants.com\/wp-content\/uploads\/2019\/03\/PPV-GmbH-CO-KG-Frankfurt-team-768x212.jpg 768w, https:\/\/www.ppv-consultants.com\/wp-content\/uploads\/2019\/03\/PPV-GmbH-CO-KG-Frankfurt-team-1024x283.jpg 1024w\" sizes=\"(max-width: 1920px) 100vw, 1920px\" \/>\t\t\t\t\t\t\t\t\t\t\t\t\t\t\t<\/div>\n\t\t\t\t<\/div>\n\t\t\t\t\t<\/div>\n\t\t<\/div>\n\t\t\t\t\t<\/div>\n\t\t<\/section>\n\t\t\t\t<section class=\"elementor-section elementor-top-section elementor-element elementor-element-59258ca2 elementor-section-full_width elementor-section-height-default elementor-section-height-default\" data-id=\"59258ca2\" data-element_type=\"section\" data-e-type=\"section\">\n\t\t\t\t\t\t<div class=\"elementor-container elementor-column-gap-default\">\n\t\t\t\t\t<div class=\"elementor-column elementor-col-100 elementor-top-column elementor-element elementor-element-3ccec915\" data-id=\"3ccec915\" data-element_type=\"column\" data-e-type=\"column\">\n\t\t\t<div class=\"elementor-widget-wrap elementor-element-populated\">\n\t\t\t\t\t\t<div class=\"elementor-element elementor-element-3720abbb elementor-widget elementor-widget-heading\" data-id=\"3720abbb\" data-element_type=\"widget\" data-e-type=\"widget\" data-widget_type=\"heading.default\">\n\t\t\t\t<div class=\"elementor-widget-container\">\n\t\t\t\t\t<h2 class=\"elementor-heading-title elementor-size-xl\">People with Passion Create Value \n<\/h2>\t\t\t\t<\/div>\n\t\t\t\t<\/div>\n\t\t\t\t<div class=\"elementor-element elementor-element-12ef90f elementor-widget elementor-widget-text-editor\" data-id=\"12ef90f\" data-element_type=\"widget\" data-e-type=\"widget\" data-widget_type=\"text-editor.default\">\n\t\t\t\t<div class=\"elementor-widget-container\">\n\t\t\t\t\t\t\t\t\t&#8211; Das gilt nicht nur f\u00fcr unsere Kunden und Kandidaten, sondern auch f\u00fcr unsere Mitarbeiter. \t\t\t\t\t\t\t\t<\/div>\n\t\t\t\t<\/div>\n\t\t\t\t<div class=\"elementor-element elementor-element-8cef2e0 elementor-widget elementor-widget-text-editor\" data-id=\"8cef2e0\" data-element_type=\"widget\" data-e-type=\"widget\" data-widget_type=\"text-editor.default\">\n\t\t\t\t<div class=\"elementor-widget-container\">\n\t\t\t\t\t\t\t\t\t<p>Wir stehen f\u00fcr ein professionelles, leidenschaftliches und gut eingespieltes Team aus Researchern und Consultants, dass (Mehr-)Werte schafft und leidenschaftliche Menschen mit Unternehmen zusammenbringt. Und das Tag f\u00fcr Tag, authentisch, bodenst\u00e4ndig und dabei immer schnell, flexibel und effektiv.<span class=\"Apple-converted-space\">\u00a0<\/span><\/p>\t\t\t\t\t\t\t\t<\/div>\n\t\t\t\t<\/div>\n\t\t\t\t\t<\/div>\n\t\t<\/div>\n\t\t\t\t\t<\/div>\n\t\t<\/section>\n\t\t\t\t<section class=\"elementor-section elementor-top-section elementor-element elementor-element-f5feaee elementor-section-boxed elementor-section-height-default elementor-section-height-default\" data-id=\"f5feaee\" data-element_type=\"section\" data-e-type=\"section\">\n\t\t\t\t\t\t<div class=\"elementor-container elementor-column-gap-default\">\n\t\t\t\t\t<div class=\"elementor-column elementor-col-50 elementor-top-column elementor-element elementor-element-b5a4fa5\" data-id=\"b5a4fa5\" data-element_type=\"column\" data-e-type=\"column\">\n\t\t\t<div class=\"elementor-widget-wrap elementor-element-populated\">\n\t\t\t\t\t\t<div class=\"elementor-element elementor-element-31ae062 elementor-widget elementor-widget-image\" data-id=\"31ae062\" data-element_type=\"widget\" data-e-type=\"widget\" data-widget_type=\"image.default\">\n\t\t\t\t<div class=\"elementor-widget-container\">\n\t\t\t\t\t\t\t\t\t\t\t\t\t\t\t<img decoding=\"async\" width=\"177\" height=\"267\" src=\"https:\/\/www.ppv-consultants.com\/wp-content\/uploads\/2022\/05\/team-1.png\" class=\"attachment-large size-large wp-image-1988\" alt=\"\" \/>\t\t\t\t\t\t\t\t\t\t\t\t\t\t\t<\/div>\n\t\t\t\t<\/div>\n\t\t\t\t\t<\/div>\n\t\t<\/div>\n\t\t\t\t<div class=\"elementor-column elementor-col-50 elementor-top-column elementor-element elementor-element-a56de6e\" data-id=\"a56de6e\" data-element_type=\"column\" data-e-type=\"column\">\n\t\t\t<div class=\"elementor-widget-wrap elementor-element-populated\">\n\t\t\t\t\t\t<div class=\"elementor-element elementor-element-714a3b7 elementor-widget elementor-widget-text-editor\" data-id=\"714a3b7\" data-element_type=\"widget\" data-e-type=\"widget\" data-widget_type=\"text-editor.default\">\n\t\t\t\t<div class=\"elementor-widget-container\">\n\t\t\t\t\t\t\t\t\t<h2 data-elementor-setting-key=\"title\" data-pen-placeholder=\"Type Here...\">Von unseren B\u00fcros aus&#8230;<\/h2><p>&#8230; unterst\u00fctzt Sie unser branchenerfahrenes Team deutschlandweit bei der Suche nach den passenden Kandidaten f\u00fcr ihre offene Position. Wir haben dabei nicht nur transparente, gut dokumentierte Arbeitsprozesse und erstellen regelm\u00e4\u00dfig Statusberichte. Bei all unserer T\u00e4tigkeit halten wir uns auch stets an die \u201eGrunds\u00e4tze ordnungsm\u00e4\u00dfiger und qualifizierter Personalberatung\u201c des BDU e.V.<\/p>\t\t\t\t\t\t\t\t<\/div>\n\t\t\t\t<\/div>\n\t\t\t\t\t<\/div>\n\t\t<\/div>\n\t\t\t\t\t<\/div>\n\t\t<\/section>\n\t\t\t\t<section class=\"elementor-section elementor-top-section elementor-element elementor-element-05027e3 elementor-section-boxed elementor-section-height-default elementor-section-height-default\" data-id=\"05027e3\" data-element_type=\"section\" data-e-type=\"section\">\n\t\t\t\t\t\t<div class=\"elementor-container elementor-column-gap-default\">\n\t\t\t\t\t<div class=\"elementor-column elementor-col-50 elementor-top-column elementor-element elementor-element-eb08f62\" data-id=\"eb08f62\" data-element_type=\"column\" data-e-type=\"column\">\n\t\t\t<div class=\"elementor-widget-wrap elementor-element-populated\">\n\t\t\t\t\t\t<div class=\"elementor-element elementor-element-d9fb89b elementor-widget elementor-widget-image\" data-id=\"d9fb89b\" data-element_type=\"widget\" data-e-type=\"widget\" data-widget_type=\"image.default\">\n\t\t\t\t<div class=\"elementor-widget-container\">\n\t\t\t\t\t\t\t\t\t\t\t\t\t\t\t<img decoding=\"async\" width=\"206\" height=\"212\" src=\"https:\/\/www.ppv-consultants.com\/wp-content\/uploads\/2022\/05\/team-2.png\" class=\"attachment-large size-large wp-image-1990\" alt=\"\" \/>\t\t\t\t\t\t\t\t\t\t\t\t\t\t\t<\/div>\n\t\t\t\t<\/div>\n\t\t\t\t\t<\/div>\n\t\t<\/div>\n\t\t\t\t<div class=\"elementor-column elementor-col-50 elementor-top-column elementor-element elementor-element-0f5e1ce\" data-id=\"0f5e1ce\" data-element_type=\"column\" data-e-type=\"column\">\n\t\t\t<div class=\"elementor-widget-wrap elementor-element-populated\">\n\t\t\t\t\t\t<div class=\"elementor-element elementor-element-81cbd96 elementor-widget elementor-widget-text-editor\" data-id=\"81cbd96\" data-element_type=\"widget\" data-e-type=\"widget\" data-widget_type=\"text-editor.default\">\n\t\t\t\t<div class=\"elementor-widget-container\">\n\t\t\t\t\t\t\t\t\t<h2 data-elementor-setting-key=\"title\" data-pen-placeholder=\"Type Here...\">Wir stehen f\u00fcr&#8230;<\/h2><p>&#8230; ein professionelles, leidenschaftliches und gut eingespieltes Team aus Researchern und Consultants, dass (Mehr-)Werte schafft und leidenschaftliche Menschen mit Unternehmen zusammenbringt. Und das Tag f\u00fcr Tag, authentisch, bodenst\u00e4ndig und dabei immer schnell, flexibel und effektiv.\u00a0<\/p>\t\t\t\t\t\t\t\t<\/div>\n\t\t\t\t<\/div>\n\t\t\t\t\t<\/div>\n\t\t<\/div>\n\t\t\t\t\t<\/div>\n\t\t<\/section>\n\t\t\t\t<section class=\"elementor-section elementor-top-section elementor-element elementor-element-76499b3 elementor-section-boxed elementor-section-height-default elementor-section-height-default\" data-id=\"76499b3\" data-element_type=\"section\" data-e-type=\"section\">\n\t\t\t\t\t\t<div class=\"elementor-container elementor-column-gap-default\">\n\t\t\t\t\t<div class=\"elementor-column elementor-col-50 elementor-top-column elementor-element elementor-element-ae68e92\" data-id=\"ae68e92\" data-element_type=\"column\" data-e-type=\"column\">\n\t\t\t<div class=\"elementor-widget-wrap elementor-element-populated\">\n\t\t\t\t\t\t<div class=\"elementor-element elementor-element-32196b3 elementor-widget elementor-widget-image\" data-id=\"32196b3\" data-element_type=\"widget\" data-e-type=\"widget\" data-widget_type=\"image.default\">\n\t\t\t\t<div class=\"elementor-widget-container\">\n\t\t\t\t\t\t\t\t\t\t\t\t\t\t\t<img loading=\"lazy\" decoding=\"async\" width=\"350\" height=\"350\" src=\"https:\/\/www.ppv-consultants.com\/wp-content\/uploads\/2022\/05\/team-3.png\" class=\"attachment-large size-large wp-image-1992\" alt=\"\" srcset=\"https:\/\/www.ppv-consultants.com\/wp-content\/uploads\/2022\/05\/team-3.png 350w, https:\/\/www.ppv-consultants.com\/wp-content\/uploads\/2022\/05\/team-3-300x300.png 300w, https:\/\/www.ppv-consultants.com\/wp-content\/uploads\/2022\/05\/team-3-150x150.png 150w\" sizes=\"(max-width: 350px) 100vw, 350px\" \/>\t\t\t\t\t\t\t\t\t\t\t\t\t\t\t<\/div>\n\t\t\t\t<\/div>\n\t\t\t\t\t<\/div>\n\t\t<\/div>\n\t\t\t\t<div class=\"elementor-column elementor-col-50 elementor-top-column elementor-element elementor-element-3418430\" data-id=\"3418430\" data-element_type=\"column\" data-e-type=\"column\">\n\t\t\t<div class=\"elementor-widget-wrap elementor-element-populated\">\n\t\t\t\t\t\t<div class=\"elementor-element elementor-element-7e440e1 elementor-widget elementor-widget-text-editor\" data-id=\"7e440e1\" data-element_type=\"widget\" data-e-type=\"widget\" data-widget_type=\"text-editor.default\">\n\t\t\t\t<div class=\"elementor-widget-container\">\n\t\t\t\t\t\t\t\t\t<h2 data-elementor-setting-key=\"title\" data-pen-placeholder=\"Type Here...\">Und mehr noch:\u00a0<\/h2><p>Alle unsere Mitarbeiter behandeln die Interessen unserer Kunden mit der h\u00f6chstm\u00f6glichen Vertraulichkeit und Respekt und stehen Ihnen w\u00e4hrend des ganzen Projektes als kompetenter und verl\u00e4sslicher Ansprechpartner zur Verf\u00fcgung. <strong>Denn wir sind erst erfolgreich, wenn Sie erfolgreich sind<\/strong> &#8211; daf\u00fcr arbeiten wir Tag f\u00fcr Tag mit Leidenschaft, Engagement und Professionalit\u00e4t.<span class=\"Apple-converted-space\">\u00a0<\/span><\/p>\t\t\t\t\t\t\t\t<\/div>\n\t\t\t\t<\/div>\n\t\t\t\t\t<\/div>\n\t\t<\/div>\n\t\t\t\t\t<\/div>\n\t\t<\/section>\n\t\t\t\t<section class=\"elementor-section elementor-top-section elementor-element elementor-element-0896437 elementor-section-full_width elementor-section-height-min-height elementor-section-content-middle elementor-section-height-default elementor-section-items-middle\" data-id=\"0896437\" data-element_type=\"section\" data-e-type=\"section\" data-settings=\"{&quot;background_background&quot;:&quot;classic&quot;}\">\n\t\t\t\t\t\t<div class=\"elementor-container elementor-column-gap-default\">\n\t\t\t\t\t<div class=\"elementor-column elementor-col-100 elementor-top-column elementor-element elementor-element-05de2de\" data-id=\"05de2de\" data-element_type=\"column\" data-e-type=\"column\">\n\t\t\t<div class=\"elementor-widget-wrap elementor-element-populated\">\n\t\t\t\t\t\t<div class=\"elementor-element elementor-element-52de315 elementor-widget elementor-widget-heading\" data-id=\"52de315\" data-element_type=\"widget\" data-e-type=\"widget\" data-widget_type=\"heading.default\">\n\t\t\t\t<div class=\"elementor-widget-container\">\n\t\t\t\t\t<h2 class=\"elementor-heading-title elementor-size-default\">Denn ihr Erfolg z\u00e4hlt f\u00fcr uns <\/br>- daf\u00fcr arbeiten wir jeden Tag mit Engagement, Professionalit\u00e4t und Leidenschaft.\n<\/h2>\t\t\t\t<\/div>\n\t\t\t\t<\/div>\n\t\t\t\t\t<\/div>\n\t\t<\/div>\n\t\t\t\t\t<\/div>\n\t\t<\/section>\n\t\t\t\t<section class=\"elementor-section elementor-top-section elementor-element elementor-element-c1eea6b elementor-section-content-top elementor-section-full_width elementor-section-height-default elementor-section-height-default\" data-id=\"c1eea6b\" data-element_type=\"section\" data-e-type=\"section\" data-settings=\"{&quot;background_background&quot;:&quot;classic&quot;}\">\n\t\t\t\t\t\t<div class=\"elementor-container elementor-column-gap-default\">\n\t\t\t\t\t<div class=\"elementor-column elementor-col-100 elementor-top-column elementor-element elementor-element-03558c9\" data-id=\"03558c9\" data-element_type=\"column\" data-e-type=\"column\">\n\t\t\t<div class=\"elementor-widget-wrap elementor-element-populated\">\n\t\t\t\t\t\t<div class=\"elementor-element elementor-element-4ed6d9d elementor-widget elementor-widget-menu-anchor\" data-id=\"4ed6d9d\" data-element_type=\"widget\" data-e-type=\"widget\" data-widget_type=\"menu-anchor.default\">\n\t\t\t\t<div class=\"elementor-widget-container\">\n\t\t\t\t\t\t\t<div class=\"elementor-menu-anchor\" id=\"biografie\"><\/div>\n\t\t\t\t\t\t<\/div>\n\t\t\t\t<\/div>\n\t\t\t\t<section class=\"elementor-section elementor-inner-section elementor-element elementor-element-57f3b1e elementor-section-boxed elementor-section-height-default elementor-section-height-default\" data-id=\"57f3b1e\" data-element_type=\"section\" data-e-type=\"section\">\n\t\t\t\t\t\t<div class=\"elementor-container elementor-column-gap-default\">\n\t\t\t\t\t<div class=\"elementor-column elementor-col-50 elementor-inner-column elementor-element elementor-element-046f0c1\" data-id=\"046f0c1\" data-element_type=\"column\" data-e-type=\"column\">\n\t\t\t<div class=\"elementor-widget-wrap elementor-element-populated\">\n\t\t\t\t\t\t<div class=\"elementor-element elementor-element-e961644 elementor-widget elementor-widget-image\" data-id=\"e961644\" data-element_type=\"widget\" data-e-type=\"widget\" data-widget_type=\"image.default\">\n\t\t\t\t<div class=\"elementor-widget-container\">\n\t\t\t\t\t\t\t\t\t\t\t\t\t\t\t<img loading=\"lazy\" decoding=\"async\" width=\"500\" height=\"500\" src=\"https:\/\/www.ppv-consultants.com\/wp-content\/uploads\/2022\/06\/leysieffer-2.png\" class=\"attachment-full size-full wp-image-2162\" alt=\"\" srcset=\"https:\/\/www.ppv-consultants.com\/wp-content\/uploads\/2022\/06\/leysieffer-2.png 500w, https:\/\/www.ppv-consultants.com\/wp-content\/uploads\/2022\/06\/leysieffer-2-300x300.png 300w, https:\/\/www.ppv-consultants.com\/wp-content\/uploads\/2022\/06\/leysieffer-2-150x150.png 150w\" sizes=\"(max-width: 500px) 100vw, 500px\" \/>\t\t\t\t\t\t\t\t\t\t\t\t\t\t\t<\/div>\n\t\t\t\t<\/div>\n\t\t\t\t\t<\/div>\n\t\t<\/div>\n\t\t\t\t<div class=\"elementor-column elementor-col-50 elementor-inner-column elementor-element elementor-element-9f48bf2\" data-id=\"9f48bf2\" data-element_type=\"column\" data-e-type=\"column\">\n\t\t\t<div class=\"elementor-widget-wrap elementor-element-populated\">\n\t\t\t\t\t\t<div class=\"elementor-element elementor-element-4068454 elementor-widget elementor-widget-text-editor\" data-id=\"4068454\" data-element_type=\"widget\" data-e-type=\"widget\" data-widget_type=\"text-editor.default\">\n\t\t\t\t<div class=\"elementor-widget-container\">\n\t\t\t\t\t\t\t\t\t<p><b>Michael Leysieffer<br \/><\/b><b>Gr\u00fcnder und Gesch\u00e4ftsf\u00fchrer<\/b><\/p>\t\t\t\t\t\t\t\t<\/div>\n\t\t\t\t<\/div>\n\t\t\t\t<div class=\"elementor-element elementor-element-f4cb1de elementor-widget elementor-widget-text-editor\" data-id=\"f4cb1de\" data-element_type=\"widget\" data-e-type=\"widget\" data-widget_type=\"text-editor.default\">\n\t\t\t\t<div class=\"elementor-widget-container\">\n\t\t\t\t\t\t\t\t\t<p>\u201eMenschen kennen, Menschen verstehen, Menschen begeistern und wertschaffende Menschen mit Unternehmen zusammenbringen\u201c &#8211; Dies ist bis heute Anspruch und Vision unseres Gr\u00fcnders Michael Leysieffer. Ein Anliegen, das nicht von ungef\u00e4hr kommt und seinem beruflichen und privaten Weg geschuldet ist.<span class=\"Apple-converted-space\">\u00a0<\/span><\/p>\t\t\t\t\t\t\t\t<\/div>\n\t\t\t\t<\/div>\n\t\t\t\t\t<\/div>\n\t\t<\/div>\n\t\t\t\t\t<\/div>\n\t\t<\/section>\n\t\t\t\t\t<\/div>\n\t\t<\/div>\n\t\t\t\t\t<\/div>\n\t\t<\/section>\n\t\t\t\t<section class=\"elementor-section elementor-top-section elementor-element elementor-element-a18fc61 elementor-section-boxed elementor-section-height-default elementor-section-height-default\" data-id=\"a18fc61\" data-element_type=\"section\" data-e-type=\"section\" data-settings=\"{&quot;background_background&quot;:&quot;classic&quot;}\">\n\t\t\t\t\t\t<div class=\"elementor-container elementor-column-gap-default\">\n\t\t\t\t\t<div class=\"elementor-column elementor-col-100 elementor-top-column elementor-element elementor-element-881936d\" data-id=\"881936d\" data-element_type=\"column\" data-e-type=\"column\">\n\t\t\t<div class=\"elementor-widget-wrap elementor-element-populated\">\n\t\t\t\t\t\t<div class=\"elementor-element elementor-element-3966267 elementor-widget elementor-widget-text-editor\" data-id=\"3966267\" data-element_type=\"widget\" data-e-type=\"widget\" data-widget_type=\"text-editor.default\">\n\t\t\t\t<div class=\"elementor-widget-container\">\n\t\t\t\t\t\t\t\t\t<p>Lorem ipsum dolor sit amet, consectetur adipiscing elit. Ut elit tellus, luctus nec ullamcorper mattis, pulvinar dapibus leo.<\/p>\t\t\t\t\t\t\t\t<\/div>\n\t\t\t\t<\/div>\n\t\t\t\t<div class=\"elementor-element elementor-element-d82117f elementor-widget elementor-widget-text-editor\" data-id=\"d82117f\" data-element_type=\"widget\" data-e-type=\"widget\" data-widget_type=\"text-editor.default\">\n\t\t\t\t<div class=\"elementor-widget-container\">\n\t\t\t\t\t\t\t\t\t<p>Michael Leysieffer, der neben Deutsch und Englisch auch Franz\u00f6sisch spricht, studierte zun\u00e4chst Wirtschaftswissenschaften in Mainz und schloss sein Studium <b>1988<\/b> ab. Nach seinem Studium \u00fcbte er Managementpositionen in f\u00fchrenden Unternehmen in Deutschland und England aus, bevor er seine Karriere als Executive Search Berater\u00a0<b>1998<\/b>\u00a0bei Ray Berndtson in Frankfurt begann.\u00a0<b>2003<\/b> wechselte er zu Kienbaum Executive Consultants, wo er zum Partner ernannt und sp\u00e4ter Mitglied der Gesch\u00e4ftsleitung wurde. <b>Am 1. April 2014 <\/b>gr\u00fcndete er ein eigenes Unternehmen mit Sitz in Frankfurt, das sich im Schwerpunkt mit der Rekrutierung von Managementpositionen besch\u00e4ftigt.<span class=\"Apple-converted-space\">\u00a0<\/span><\/p><p>Michael Leysieffer verf\u00fcgt \u00fcber eine aussergew\u00f6hnlich breite unternehmerische und internationale Erfahrung. Er hat im Verlauf seiner mehr als 20 \u2013j\u00e4hrigen Karriere als Personalberater nicht nur \u00fcber <b>800 qualifizierte F\u00fchrungskr\u00e4fte<\/b> und Experten langfristig in erfolgreiche Unternehmen platziert. Durch vielf\u00e4ltige Projekte konnte er auch langfristige und erfolgreiche Partnerschaften zu Kandidaten, Unternehmen und Klienten in Deutschland, Europa und USA aufbauen, von denen seine Kunden heute noch profitieren.<\/p><p>Michael Leysieffer ist aber nicht nur Personalberater aus Leidenschaft und \u00dcberzeugung.<\/p><p>Neben seinen beruflichen Aktivit\u00e4ten ist er auch aktives Mitglied in verschiedenen wirtschaftlichen und sozialen Organisationen. Eine Leidenschaft und ein Engagement, das er auch bei der PPV GmbH &amp; Co.KG jeden Tag aufs neue einbringt.<\/p>\t\t\t\t\t\t\t\t<\/div>\n\t\t\t\t<\/div>\n\t\t\t\t\t<\/div>\n\t\t<\/div>\n\t\t\t\t\t<\/div>\n\t\t<\/section>\n\t\t\t\t<\/div>\n\t\t","protected":false},"excerpt":{"rendered":"<p>People with Passion Create Value &#8211; Das gilt nicht nur f\u00fcr unsere Kunden und Kandidaten, sondern auch f\u00fcr unsere Mitarbeiter. Wir stehen f\u00fcr ein professionelles, leidenschaftliches und gut eingespieltes Team aus Researchern und Consultants, dass (Mehr-)Werte schafft und leidenschaftliche Menschen mit Unternehmen zusammenbringt. Und das Tag f\u00fcr Tag, authentisch, bodenst\u00e4ndig und dabei immer schnell, flexibel [&hellip;]<\/p>\n","protected":false},"author":1,"featured_media":0,"parent":0,"menu_order":0,"comment_status":"closed","ping_status":"closed","template":"elementor_header_footer","meta":{"footnotes":""},"class_list":["post-259","page","type-page","status-publish","hentry"],"_links":{"self":[{"href":"https:\/\/www.ppv-consultants.com\/de\/wp-json\/wp\/v2\/pages\/259","targetHints":{"allow":["GET"]}}],"collection":[{"href":"https:\/\/www.ppv-consultants.com\/de\/wp-json\/wp\/v2\/pages"}],"about":[{"href":"https:\/\/www.ppv-consultants.com\/de\/wp-json\/wp\/v2\/types\/page"}],"author":[{"embeddable":true,"href":"https:\/\/www.ppv-consultants.com\/de\/wp-json\/wp\/v2\/users\/1"}],"replies":[{"embeddable":true,"href":"https:\/\/www.ppv-consultants.com\/de\/wp-json\/wp\/v2\/comments?post=259"}],"version-history":[{"count":0,"href":"https:\/\/www.ppv-consultants.com\/de\/wp-json\/wp\/v2\/pages\/259\/revisions"}],"wp:attachment":[{"href":"https:\/\/www.ppv-consultants.com\/de\/wp-json\/wp\/v2\/media?parent=259"}],"curies":[{"name":"wp","href":"https:\/\/api.w.org\/{rel}","templated":true}]}}