{"id":2082,"date":"2022-05-23T09:29:36","date_gmt":"2022-05-23T07:29:36","guid":{"rendered":"https:\/\/www.ppv-consultants.com\/?page_id=2082"},"modified":"2022-05-23T09:30:52","modified_gmt":"2022-05-23T07:30:52","slug":"kandidaten","status":"publish","type":"page","link":"https:\/\/www.ppv-consultants.com\/de\/kandidaten\/","title":{"rendered":"Kandidaten"},"content":{"rendered":"\t\t<div data-elementor-type=\"wp-page\" data-elementor-id=\"2082\" class=\"elementor elementor-2082\" data-elementor-post-type=\"page\">\n\t\t\t\t\t\t<section class=\"elementor-section elementor-top-section elementor-element elementor-element-c3b4484 elementor-section-stretched elementor-section-full_width elementor-section-content-middle elementor-section-height-default elementor-section-height-default\" data-id=\"c3b4484\" data-element_type=\"section\" data-e-type=\"section\" data-settings=\"{&quot;stretch_section&quot;:&quot;section-stretched&quot;}\">\n\t\t\t\t\t\t<div class=\"elementor-container elementor-column-gap-no\">\n\t\t\t\t\t<div class=\"elementor-column elementor-col-100 elementor-top-column elementor-element elementor-element-f529b16\" data-id=\"f529b16\" data-element_type=\"column\" data-e-type=\"column\">\n\t\t\t<div class=\"elementor-widget-wrap elementor-element-populated\">\n\t\t\t\t\t\t<div class=\"elementor-element elementor-element-9d52a57 elementor-widget elementor-widget-image\" data-id=\"9d52a57\" data-element_type=\"widget\" data-e-type=\"widget\" data-widget_type=\"image.default\">\n\t\t\t\t<div class=\"elementor-widget-container\">\n\t\t\t\t\t\t\t\t\t\t\t\t\t\t\t<img fetchpriority=\"high\" decoding=\"async\" width=\"1920\" height=\"530\" src=\"https:\/\/www.ppv-consultants.com\/wp-content\/uploads\/2019\/03\/Interim-Management-PPV-GmbH-CO-KG-Frankfurtl.jpg\" class=\"attachment-full size-full wp-image-1336\" alt=\"\" srcset=\"https:\/\/www.ppv-consultants.com\/wp-content\/uploads\/2019\/03\/Interim-Management-PPV-GmbH-CO-KG-Frankfurtl.jpg 1920w, https:\/\/www.ppv-consultants.com\/wp-content\/uploads\/2019\/03\/Interim-Management-PPV-GmbH-CO-KG-Frankfurtl-300x83.jpg 300w, https:\/\/www.ppv-consultants.com\/wp-content\/uploads\/2019\/03\/Interim-Management-PPV-GmbH-CO-KG-Frankfurtl-768x212.jpg 768w, https:\/\/www.ppv-consultants.com\/wp-content\/uploads\/2019\/03\/Interim-Management-PPV-GmbH-CO-KG-Frankfurtl-1024x283.jpg 1024w\" sizes=\"(max-width: 1920px) 100vw, 1920px\" \/>\t\t\t\t\t\t\t\t\t\t\t\t\t\t\t<\/div>\n\t\t\t\t<\/div>\n\t\t\t\t\t<\/div>\n\t\t<\/div>\n\t\t\t\t\t<\/div>\n\t\t<\/section>\n\t\t\t\t<section class=\"elementor-section elementor-top-section elementor-element elementor-element-42507ae elementor-section-full_width elementor-section-height-default elementor-section-height-default\" data-id=\"42507ae\" data-element_type=\"section\" data-e-type=\"section\">\n\t\t\t\t\t\t<div class=\"elementor-container elementor-column-gap-default\">\n\t\t\t\t\t<div class=\"elementor-column elementor-col-100 elementor-top-column elementor-element elementor-element-c2f7029\" data-id=\"c2f7029\" data-element_type=\"column\" data-e-type=\"column\">\n\t\t\t<div class=\"elementor-widget-wrap elementor-element-populated\">\n\t\t\t\t\t\t<div class=\"elementor-element elementor-element-79abf6e elementor-widget elementor-widget-heading\" data-id=\"79abf6e\" data-element_type=\"widget\" data-e-type=\"widget\" data-widget_type=\"heading.default\">\n\t\t\t\t<div class=\"elementor-widget-container\">\n\t\t\t\t\t<h2 class=\"elementor-heading-title elementor-size-xl\">Kandidaten<\/h2>\t\t\t\t<\/div>\n\t\t\t\t<\/div>\n\t\t\t\t<div class=\"elementor-element elementor-element-fb6a9e7 elementor-widget elementor-widget-text-editor\" data-id=\"fb6a9e7\" data-element_type=\"widget\" data-e-type=\"widget\" data-widget_type=\"text-editor.default\">\n\t\t\t\t<div class=\"elementor-widget-container\">\n\t\t\t\t\t\t\t\t\t<p><b>Nicht nur Unternehmen sind bei uns in den besten H\u00e4nden, sondern auch Kandidaten.\u00a0<\/b><\/p><p>Als Kandidat sind sie auch unser erster Ansprechpartner, wenn es darum geht, offene Positionen unserer Kunden zu besetzen. In einem ersten Gespr\u00e4ch diskutieren wir gemeinsam Werte, Zielvorstellungen und Entwicklungsm\u00f6glichkeiten, begleiten Sie w\u00e4hrend des gesamten Bewerbungsprozesses, geben Ihnen regelm\u00e4\u00dfiges Feedback und stehen Ihnen mit Rat und Tat zur Seite. Denn ihr Erfolg z\u00e4hlt f\u00fcr uns &#8211; daf\u00fcr arbeiten wir jeden Tag mit Engagement, Professionalit\u00e4t und Leidenschaft.<span class=\"Apple-converted-space\">\u00a0<\/span><\/p>\t\t\t\t\t\t\t\t<\/div>\n\t\t\t\t<\/div>\n\t\t\t\t\t<\/div>\n\t\t<\/div>\n\t\t\t\t\t<\/div>\n\t\t<\/section>\n\t\t\t\t<section class=\"elementor-section elementor-top-section elementor-element elementor-element-60f931f elementor-section-boxed elementor-section-height-default elementor-section-height-default\" data-id=\"60f931f\" data-element_type=\"section\" data-e-type=\"section\" data-settings=\"{&quot;background_background&quot;:&quot;classic&quot;}\">\n\t\t\t\t\t\t<div class=\"elementor-container elementor-column-gap-default\">\n\t\t\t\t\t<div class=\"elementor-column elementor-col-50 elementor-top-column elementor-element elementor-element-943eba0\" data-id=\"943eba0\" data-element_type=\"column\" data-e-type=\"column\">\n\t\t\t<div class=\"elementor-widget-wrap elementor-element-populated\">\n\t\t\t\t\t\t<div class=\"elementor-element elementor-element-2c2021e elementor-widget elementor-widget-heading\" data-id=\"2c2021e\" data-element_type=\"widget\" data-e-type=\"widget\" data-widget_type=\"heading.default\">\n\t\t\t\t<div class=\"elementor-widget-container\">\n\t\t\t\t\t<h2 class=\"elementor-heading-title elementor-size-default\">Wir suchen st\u00e4ndig leidenschaftliche und wertschaffende Kandidaten f\u00fcr die Branchen\n<\/h2>\t\t\t\t<\/div>\n\t\t\t\t<\/div>\n\t\t\t\t\t<\/div>\n\t\t<\/div>\n\t\t\t\t<div class=\"elementor-column elementor-col-50 elementor-top-column elementor-element elementor-element-3a45f3d\" data-id=\"3a45f3d\" data-element_type=\"column\" data-e-type=\"column\">\n\t\t\t<div class=\"elementor-widget-wrap elementor-element-populated\">\n\t\t\t\t\t\t<div class=\"elementor-element elementor-element-a39175a elementor-widget elementor-widget-text-editor\" data-id=\"a39175a\" data-element_type=\"widget\" data-e-type=\"widget\" data-widget_type=\"text-editor.default\">\n\t\t\t\t<div class=\"elementor-widget-container\">\n\t\t\t\t\t\t\t\t\t<ul><li>Automobilzulieferer<\/li><li>Chemie<\/li><li>Maschinen- und Anlagenbau<\/li><li>Industrieg\u00fcter<\/li><li>Baustoffindustrie<\/li><li>Life Sciences<\/li><\/ul>\t\t\t\t\t\t\t\t<\/div>\n\t\t\t\t<\/div>\n\t\t\t\t\t<\/div>\n\t\t<\/div>\n\t\t\t\t\t<\/div>\n\t\t<\/section>\n\t\t\t\t<section class=\"elementor-section elementor-top-section elementor-element elementor-element-a494009 elementor-section-full_width elementor-section-height-min-height elementor-section-content-middle elementor-section-height-default elementor-section-items-middle\" data-id=\"a494009\" data-element_type=\"section\" data-e-type=\"section\" data-settings=\"{&quot;background_background&quot;:&quot;classic&quot;}\">\n\t\t\t\t\t\t<div class=\"elementor-container elementor-column-gap-default\">\n\t\t\t\t\t<div class=\"elementor-column elementor-col-100 elementor-top-column elementor-element elementor-element-1ab2cbf\" data-id=\"1ab2cbf\" data-element_type=\"column\" data-e-type=\"column\">\n\t\t\t<div class=\"elementor-widget-wrap elementor-element-populated\">\n\t\t\t\t\t\t<div class=\"elementor-element elementor-element-ae51cfa elementor-widget elementor-widget-heading\" data-id=\"ae51cfa\" data-element_type=\"widget\" data-e-type=\"widget\" data-widget_type=\"heading.default\">\n\t\t\t\t<div class=\"elementor-widget-container\">\n\t\t\t\t\t<h2 class=\"elementor-heading-title elementor-size-default\">Bei uns sind nicht nur Unternehmen sondern auch Kandidaten in den besten H\u00e4nden\n<\/h2>\t\t\t\t<\/div>\n\t\t\t\t<\/div>\n\t\t\t\t\t<\/div>\n\t\t<\/div>\n\t\t\t\t\t<\/div>\n\t\t<\/section>\n\t\t\t\t<\/div>\n\t\t","protected":false},"excerpt":{"rendered":"<p>Kandidaten Nicht nur Unternehmen sind bei uns in den besten H\u00e4nden, sondern auch Kandidaten.\u00a0 Als Kandidat sind sie auch unser erster Ansprechpartner, wenn es darum geht, offene Positionen unserer Kunden zu besetzen. In einem ersten Gespr\u00e4ch diskutieren wir gemeinsam Werte, Zielvorstellungen und Entwicklungsm\u00f6glichkeiten, begleiten Sie w\u00e4hrend des gesamten Bewerbungsprozesses, geben Ihnen regelm\u00e4\u00dfiges Feedback und stehen [&hellip;]<\/p>\n","protected":false},"author":1,"featured_media":0,"parent":0,"menu_order":0,"comment_status":"closed","ping_status":"closed","template":"elementor_header_footer","meta":{"footnotes":""},"class_list":["post-2082","page","type-page","status-publish","hentry"],"_links":{"self":[{"href":"https:\/\/www.ppv-consultants.com\/de\/wp-json\/wp\/v2\/pages\/2082","targetHints":{"allow":["GET"]}}],"collection":[{"href":"https:\/\/www.ppv-consultants.com\/de\/wp-json\/wp\/v2\/pages"}],"about":[{"href":"https:\/\/www.ppv-consultants.com\/de\/wp-json\/wp\/v2\/types\/page"}],"author":[{"embeddable":true,"href":"https:\/\/www.ppv-consultants.com\/de\/wp-json\/wp\/v2\/users\/1"}],"replies":[{"embeddable":true,"href":"https:\/\/www.ppv-consultants.com\/de\/wp-json\/wp\/v2\/comments?post=2082"}],"version-history":[{"count":0,"href":"https:\/\/www.ppv-consultants.com\/de\/wp-json\/wp\/v2\/pages\/2082\/revisions"}],"wp:attachment":[{"href":"https:\/\/www.ppv-consultants.com\/de\/wp-json\/wp\/v2\/media?parent=2082"}],"curies":[{"name":"wp","href":"https:\/\/api.w.org\/{rel}","templated":true}]}}