{"id":12,"date":"2018-10-04T18:04:53","date_gmt":"2018-10-04T16:04:53","guid":{"rendered":"http:\/\/dev.ppv-consultants.com\/?page_id=12"},"modified":"2024-05-16T15:11:09","modified_gmt":"2024-05-16T13:11:09","slug":"impressum","status":"publish","type":"page","link":"https:\/\/www.ppv-consultants.com\/de\/impressum\/","title":{"rendered":"Impressum"},"content":{"rendered":"\t\t<div data-elementor-type=\"wp-post\" data-elementor-id=\"12\" class=\"elementor elementor-12\" data-elementor-post-type=\"page\">\n\t\t\t\t\t\t<section class=\"elementor-section elementor-top-section elementor-element elementor-element-5d59afe5 elementor-section-stretched elementor-section-full_width elementor-section-content-middle elementor-section-height-default elementor-section-height-default\" data-id=\"5d59afe5\" data-element_type=\"section\" data-e-type=\"section\" data-settings=\"{&quot;stretch_section&quot;:&quot;section-stretched&quot;}\">\n\t\t\t\t\t\t<div class=\"elementor-container elementor-column-gap-no\">\n\t\t\t\t\t<div class=\"elementor-column elementor-col-100 elementor-top-column elementor-element elementor-element-737bc278\" data-id=\"737bc278\" data-element_type=\"column\" data-e-type=\"column\">\n\t\t\t<div class=\"elementor-widget-wrap elementor-element-populated\">\n\t\t\t\t\t\t<div class=\"elementor-element elementor-element-54805bf5 elementor-widget elementor-widget-image\" data-id=\"54805bf5\" data-element_type=\"widget\" data-e-type=\"widget\" data-widget_type=\"image.default\">\n\t\t\t\t<div class=\"elementor-widget-container\">\n\t\t\t\t\t\t\t\t\t\t\t\t\t\t\t<img fetchpriority=\"high\" decoding=\"async\" width=\"1920\" height=\"530\" src=\"https:\/\/www.ppv-consultants.com\/wp-content\/uploads\/2018\/10\/unternehmen-banner-final.jpg\" class=\"attachment-full size-full wp-image-679\" alt=\"\" srcset=\"https:\/\/www.ppv-consultants.com\/wp-content\/uploads\/2018\/10\/unternehmen-banner-final.jpg 1920w, https:\/\/www.ppv-consultants.com\/wp-content\/uploads\/2018\/10\/unternehmen-banner-final-300x83.jpg 300w, https:\/\/www.ppv-consultants.com\/wp-content\/uploads\/2018\/10\/unternehmen-banner-final-768x212.jpg 768w, https:\/\/www.ppv-consultants.com\/wp-content\/uploads\/2018\/10\/unternehmen-banner-final-1024x283.jpg 1024w\" sizes=\"(max-width: 1920px) 100vw, 1920px\" \/>\t\t\t\t\t\t\t\t\t\t\t\t\t\t\t<\/div>\n\t\t\t\t<\/div>\n\t\t\t\t\t<\/div>\n\t\t<\/div>\n\t\t\t\t\t<\/div>\n\t\t<\/section>\n\t\t\t\t<section class=\"elementor-section elementor-top-section elementor-element elementor-element-a7c06ff elementor-section-full_width elementor-section-height-default elementor-section-height-default\" data-id=\"a7c06ff\" data-element_type=\"section\" data-e-type=\"section\">\n\t\t\t\t\t\t<div class=\"elementor-container elementor-column-gap-default\">\n\t\t\t\t\t<div class=\"elementor-column elementor-col-100 elementor-top-column elementor-element elementor-element-5e8637a2\" data-id=\"5e8637a2\" data-element_type=\"column\" data-e-type=\"column\">\n\t\t\t<div class=\"elementor-widget-wrap elementor-element-populated\">\n\t\t\t\t\t\t<div class=\"elementor-element elementor-element-64987c2f elementor-widget elementor-widget-heading\" data-id=\"64987c2f\" data-element_type=\"widget\" data-e-type=\"widget\" data-widget_type=\"heading.default\">\n\t\t\t\t<div class=\"elementor-widget-container\">\n\t\t\t\t\t<h2 class=\"elementor-heading-title elementor-size-xl\">Impressum<\/h2>\t\t\t\t<\/div>\n\t\t\t\t<\/div>\n\t\t\t\t\t<\/div>\n\t\t<\/div>\n\t\t\t\t\t<\/div>\n\t\t<\/section>\n\t\t\t\t<section class=\"elementor-section elementor-top-section elementor-element elementor-element-61f0c549 elementor-section-boxed elementor-section-height-default elementor-section-height-default\" data-id=\"61f0c549\" data-element_type=\"section\" data-e-type=\"section\">\n\t\t\t\t\t\t<div class=\"elementor-container elementor-column-gap-default\">\n\t\t\t\t\t<div class=\"elementor-column elementor-col-100 elementor-top-column elementor-element elementor-element-4fa96f68\" data-id=\"4fa96f68\" data-element_type=\"column\" data-e-type=\"column\">\n\t\t\t<div class=\"elementor-widget-wrap elementor-element-populated\">\n\t\t\t\t\t\t<div class=\"elementor-element elementor-element-01ac6c5 elementor-widget elementor-widget-heading\" data-id=\"01ac6c5\" data-element_type=\"widget\" data-e-type=\"widget\" data-widget_type=\"heading.default\">\n\t\t\t\t<div class=\"elementor-widget-container\">\n\t\t\t\t\t<h2 class=\"elementor-heading-title elementor-size-default\">PPV GmbH &amp; Co.KG<\/h2>\t\t\t\t<\/div>\n\t\t\t\t<\/div>\n\t\t\t\t<div class=\"elementor-element elementor-element-772c94f elementor-widget elementor-widget-text-editor\" data-id=\"772c94f\" data-element_type=\"widget\" data-e-type=\"widget\" data-widget_type=\"text-editor.default\">\n\t\t\t\t<div class=\"elementor-widget-container\">\n\t\t\t\t\t\t\t\t\t<p><strong>Inhaber: Michael F. Leysieffer\u00a0<\/strong><\/p><p>PPV GmbH &amp; Co.KG (HQ)<br \/><br \/>Weinheimer Stra\u00dfe 43<br \/>69469 Weinheim<\/p><p>T +49 (0) 6201-3897214<br \/>info@ppv-consultants.com<\/p><p>\u00a0<\/p><p>Niederlassungen<\/p><p>Westhafentower<br \/>60237 Frankfurt<\/p><p>Pariser Platz 4a<br \/>10117 Berlin<\/p><p>PPV Beteiligungs GmbH<br \/>Weinheimer Stra\u00dfe 43<br \/>69469 Weinheim<\/p><p><br \/>Internet: www.ppv-consultants.com<\/p>\t\t\t\t\t\t\t\t<\/div>\n\t\t\t\t<\/div>\n\t\t\t\t<div class=\"elementor-element elementor-element-2af2340 elementor-widget elementor-widget-text-editor\" data-id=\"2af2340\" data-element_type=\"widget\" data-e-type=\"widget\" data-widget_type=\"text-editor.default\">\n\t\t\t\t<div class=\"elementor-widget-container\">\n\t\t\t\t\t\t\t\t\t<p>Umsatzsteuer-Identifikationsnummer gem\u00e4\u00df \u00a7 27 a Umsatzsteuergesetz: DE 00535730119<\/p><p>Inhaltlich Verantwortlicher gem\u00e4\u00df \u00a7 55 Abs. 2 RStV: <b>Michael F.Leysieffer<\/b> (Anschrift wie oben)<\/p><p>Design und Entwicklung:\u00a0<a href=\"http:\/\/www.neitzel-werbeagentur.com\">Neitzel Werbeagentur GbR<\/a><br \/>Portraitfotos: <a href=\"http:\/\/www.neitzel-werbeagentur.com\">Neitzel Werbeagentur GbR<\/a><\/p><p>HAFTUNG<\/p><p>Die Inhalte unserer Seiten wurden mit gr\u00f6\u00dfter Sorgfalt erstellt. F\u00fcr die Richtigkeit, Vollst\u00e4ndigkeit und Aktualit\u00e4t der Inhalte k\u00f6nnen wir jedoch keine Gew\u00e4hr \u00fcbernehmen.<\/p><p>URHEBERRECHT<br \/>Wir sind bem\u00fcht, stets die Urheberrechte anderer zu beachten und ausschlie\u00dflich auf selbst erstellte sowie lizenzfreie Werke zur\u00fcckzugreifen. Die durch uns, die Seitenbetreiber, erstellten Inhalte und Werke auf diesen Seiten unterliegen dem deutschen Urheberrecht. Beitr\u00e4ge Dritter sind als solche gekennzeichnet. Jede Art der Verwertung au\u00dferhalb der Grenzen des Urheberrechts, insbesondere in Form der Vervielf\u00e4ltigung, Bearbeitung oder Verbreitung bed\u00fcrfen der schriftlichen Zustimmung des jeweiligen Autors bzw. Erstellers. Downloads und Kopien dieser Seite sind nur f\u00fcr den privaten, nicht kommerziellen Gebrauch gestattet. Ebenso ist das Setzen eines Links auf die Inhalte dieser Seiten im Rahmen eines Internetauftritts Dritter gestattet, sofern dabei die Urheberschaft des Werkschaffenden erkennbar bleibt (sog. \u201eSurface Links\u201c oder \u201eDeep Links\u201c).<\/p><p><b>Bildnachweise<\/b><\/p><p>Startseite:<\/p><p>Banner oben: Shutterstock.com &#8211; von Rawpixel.com &#8211; 195461558<br \/>Executive Board Advisory &#8211; Shutterstock.com &#8211; von tsyhun &#8211; 283236740<br \/>Executive und Management Search: Shutterstock.com &#8211; von sergign &#8211; 231292906<br \/>Executive Coaching: fraueva\/ photocase.de<br \/>Interim Management: Shutterstock.com &#8211; von aerogondo2 &#8211; 242847928<br \/>Kompetenzen &#8211; Shutterstock.com &#8211; von Andrea Izzotti &#8211; 317615534<br \/>Team: Portr\u00e4t Michael Leysieffer &#8211; von Neitzel Werbeagentur GbR -http:\/\/neitzel-fotografie.de\/<\/p><p>\u00dcber uns<br \/>Banner Unternehmen: Shutterstock.com &#8211; von Rawpixel.com &#8211; 195461558<br \/>Banner Werte: Shutterstock.com &#8211; von Thanakorn.P &#8211; 413416747<br \/>Banner Kompetenzen &#8211; Shutterstock.com &#8211; von Andrea Izzotti &#8211; 317615534<br \/>Contentbilder Kompetenzen: Shutterstock.com &#8211; von alice-photo &#8211; 308858948<br \/>Team: Portr\u00e4t Michael Leysieffer &#8211; von Neitzel Werbeagentur GbR -http:\/\/neitzel-fotografie.de\/<br \/>Banner Team:\u00a0Shutterstock.com-Von Rawpixel.com\u00a0&#8211; 182278364<br \/>Globales Netzwerk: Shutterstock.com &#8211; von Hurst Photo &#8211;\u00a0<span style=\"font-size: 1rem;\">180408071<\/span><\/p><p>Leistungen:<br \/>Banner Interim Management: Shutterstock.com &#8211; von aerogondo2 &#8211; 242847928<br \/>Banner Executive Board Advisory &#8211; Shutterstock.com &#8211; von tsyhun &#8211; 283236740<br \/>Banner Executive und Management Search: Shutterstock.com &#8211; von sergign &#8211; 231292906<br \/>Banner Executive Coaching: fraueva\/ photocase.de<\/p><p>Banner Prozess\/L\u00f6sungen: christophe papke\/ photocase.de<\/p>\t\t\t\t\t\t\t\t<\/div>\n\t\t\t\t<\/div>\n\t\t\t\t\t<\/div>\n\t\t<\/div>\n\t\t\t\t\t<\/div>\n\t\t<\/section>\n\t\t\t\t<section class=\"elementor-section elementor-top-section elementor-element elementor-element-0cbff16 elementor-section-stretched elementor-section-full_width elementor-section-height-default elementor-section-height-default\" data-id=\"0cbff16\" data-element_type=\"section\" data-e-type=\"section\" data-settings=\"{&quot;stretch_section&quot;:&quot;section-stretched&quot;}\">\n\t\t\t\t\t\t<div class=\"elementor-container elementor-column-gap-default\">\n\t\t\t\t\t<div class=\"elementor-column elementor-col-100 elementor-top-column elementor-element elementor-element-6b0bc21\" data-id=\"6b0bc21\" data-element_type=\"column\" data-e-type=\"column\">\n\t\t\t<div class=\"elementor-widget-wrap elementor-element-populated\">\n\t\t\t\t\t\t<div class=\"elementor-element elementor-element-4f5fac1 elementor-widget-divider--view-line elementor-widget elementor-widget-divider\" data-id=\"4f5fac1\" data-element_type=\"widget\" data-e-type=\"widget\" data-widget_type=\"divider.default\">\n\t\t\t\t<div class=\"elementor-widget-container\">\n\t\t\t\t\t\t\t<div class=\"elementor-divider\">\n\t\t\t<span class=\"elementor-divider-separator\">\n\t\t\t\t\t\t<\/span>\n\t\t<\/div>\n\t\t\t\t\t\t<\/div>\n\t\t\t\t<\/div>\n\t\t\t\t\t<\/div>\n\t\t<\/div>\n\t\t\t\t\t<\/div>\n\t\t<\/section>\n\t\t\t\t<\/div>\n\t\t","protected":false},"excerpt":{"rendered":"<p>Impressum PPV GmbH &#038; Co.KG Inhaber: Michael F. Leysieffer\u00a0 PPV GmbH &amp; Co.KG (HQ) Weinheimer Stra\u00dfe 4369469 Weinheim T +49 (0) 6201-3897214info@ppv-consultants.com \u00a0 Niederlassungen Westhafentower60237 Frankfurt Pariser Platz 4a10117 Berlin PPV Beteiligungs GmbHWeinheimer Stra\u00dfe 4369469 Weinheim Internet: www.ppv-consultants.com Umsatzsteuer-Identifikationsnummer gem\u00e4\u00df \u00a7 27 a Umsatzsteuergesetz: DE 00535730119 Inhaltlich Verantwortlicher gem\u00e4\u00df \u00a7 55 Abs. 2 RStV: Michael [&hellip;]<\/p>\n","protected":false},"author":1,"featured_media":0,"parent":0,"menu_order":0,"comment_status":"closed","ping_status":"closed","template":"elementor_header_footer","meta":{"footnotes":""},"class_list":["post-12","page","type-page","status-publish","hentry"],"_links":{"self":[{"href":"https:\/\/www.ppv-consultants.com\/de\/wp-json\/wp\/v2\/pages\/12","targetHints":{"allow":["GET"]}}],"collection":[{"href":"https:\/\/www.ppv-consultants.com\/de\/wp-json\/wp\/v2\/pages"}],"about":[{"href":"https:\/\/www.ppv-consultants.com\/de\/wp-json\/wp\/v2\/types\/page"}],"author":[{"embeddable":true,"href":"https:\/\/www.ppv-consultants.com\/de\/wp-json\/wp\/v2\/users\/1"}],"replies":[{"embeddable":true,"href":"https:\/\/www.ppv-consultants.com\/de\/wp-json\/wp\/v2\/comments?post=12"}],"version-history":[{"count":0,"href":"https:\/\/www.ppv-consultants.com\/de\/wp-json\/wp\/v2\/pages\/12\/revisions"}],"wp:attachment":[{"href":"https:\/\/www.ppv-consultants.com\/de\/wp-json\/wp\/v2\/media?parent=12"}],"curies":[{"name":"wp","href":"https:\/\/api.w.org\/{rel}","templated":true}]}}